{"id":38,"date":"2024-03-31T12:51:00","date_gmt":"2024-03-31T12:51:00","guid":{"rendered":"https:\/\/galerieduchateau.org\/find-us\/"},"modified":"2024-03-31T21:00:45","modified_gmt":"2024-03-31T21:00:45","slug":"find-us","status":"publish","type":"page","link":"https:\/\/galerieduchateau.org\/en\/find-us\/","title":{"rendered":"Find us"},"content":{"rendered":"<!--themify_builder_content-->\n<div id=\"themify_builder_content-38\" data-postid=\"38\" class=\"themify_builder_content themify_builder_content-38 themify_builder tf_clear\">\n                    <div  data-lazy=\"1\" class=\"module_row themify_builder_row tb_qby3771 tb_first tf_w\">\n                        <div class=\"row_inner col_align_top tb_col_count_1 tf_box tf_rel\">\n                        <div  data-lazy=\"1\" class=\"module_column tb-column col-full tb_g9hu771 first\">\n                    <!-- module plain text -->\n<div  class=\"module module-plain-text tb_zp7q826 \" data-lazy=\"1\">\n        <div class=\"tb_text_wrap\">\n    <ul class=\"bogo-language-switcher list-view\"><li class=\"en-GB en current first\"><span class=\"bogoflags bogoflags-gb\"><\/span> <span class=\"bogo-language-name\"><a rel=\"alternate\" hreflang=\"en-GB\" href=\"https:\/\/galerieduchateau.org\/en\/wp-json\/wp\/v2\/pages\/38\/\" title=\"English\" class=\"current\" aria-current=\"page\">English<\/a><\/span><\/li>\n<li class=\"fr-FR fr last\"><span class=\"bogoflags bogoflags-fr\"><\/span> <span class=\"bogo-language-name\"><a rel=\"alternate\" hreflang=\"fr-FR\" href=\"https:\/\/galerieduchateau.org\/wp-json\/wp\/v2\/pages\/38\/\" title=\"French\">Fran\u00e7ais<\/a><\/span><\/li>\n<\/ul>    <\/div>\n<\/div>\n<!-- \/module plain text -->        <\/div>\n                        <\/div>\n        <\/div>\n                        <div  data-lazy=\"1\" class=\"module_row themify_builder_row tb_viwz862 tf_w\">\n                        <div class=\"row_inner col_align_top tb_col_count_1 tf_box tf_rel\">\n                        <div  data-lazy=\"1\" class=\"module_column tb-column col-full tb_7r3k863 first\">\n                    <!-- module text -->\n<div  class=\"module module-text tb_1emg880   \" data-lazy=\"1\">\n        <div  class=\"tb_text_wrap\">\n        <h1>Find Us<\/h1>\n<p>From P\u00e9rigueux, take the D939 to Mareuil en P\u00e9rigord, go around the ch\u00e2teau of Mareuil en P\u00e9rigord on the D99, and take the route Raymond Roland towards Sainte-Croix-de-Mareuil. When you reach the town hall and the village hall square, turn right at the crossroads. The Ch\u00e2teau de Sainte Croix de Mareuil is 250 metres away.<\/p>\n<p>From Angoul\u00eame, take the D81, D41 and D939. After the La Rochebeaucourt-et-Argentine cemetery, turn left onto the route des Carri\u00e8res, cross Verdinas and head for the village of Sainte-Croix-de-Mareuil. When you reach the village, turn left at the crossroads. The Ch\u00e2teau de Sainte Croix de Mareuil is 250 metres away.\u00a0<\/p>\n<p>GPS: 45\u00b027&#8217;47.9 &#8220;N 0\u00b025&#8217;37.3 &#8220;E<\/p>\n<p><a href=\"http:\/\/whatthreewords.com\/nuanced.cloak.lend\" target=\"_blank\" rel=\"noopener\">\/\/\/nuanced.cloak.lend<\/a><\/p>    <\/div>\n<\/div>\n<!-- \/module text -->        <\/div>\n                        <\/div>\n        <\/div>\n                        <div  data-lazy=\"1\" class=\"module_row themify_builder_row tb_x1tz889 tf_w\">\n                        <div class=\"row_inner col_align_top tb_col_count_1 tf_box tf_rel\">\n                        <div  data-lazy=\"1\" class=\"module_column tb-column col-full tb_aj0d889 first\">\n                    <!-- module image -->\n<div  class=\"module module-image tb_orjc351 image-top   tf_mw\" data-lazy=\"1\">\n        <div class=\"image-wrap tf_rel tf_mw\">\n            <img loading=\"lazy\" decoding=\"async\" width=\"1149\" height=\"857\" src=\"https:\/\/galerieduchateau.org\/wp-content\/uploads\/2024\/03\/Sainte-Croix-de-Mareuil-carte.jpg\" class=\"wp-post-image wp-image-232\" title=\"Sainte Croix de Mareuil carte\" alt=\"Sainte Croix de Mareuil carte\" srcset=\"https:\/\/galerieduchateau.org\/wp-content\/uploads\/2024\/03\/Sainte-Croix-de-Mareuil-carte.jpg 1149w, https:\/\/galerieduchateau.org\/wp-content\/uploads\/2024\/03\/Sainte-Croix-de-Mareuil-carte-300x224.jpg 300w, https:\/\/galerieduchateau.org\/wp-content\/uploads\/2024\/03\/Sainte-Croix-de-Mareuil-carte-1024x764.jpg 1024w, https:\/\/galerieduchateau.org\/wp-content\/uploads\/2024\/03\/Sainte-Croix-de-Mareuil-carte-768x573.jpg 768w\" sizes=\"auto, (max-width: 1149px) 100vw, 1149px\" \/>    \n        <\/div>\n    <!-- \/image-wrap -->\n    \n        <\/div>\n<!-- \/module image -->        <\/div>\n                        <\/div>\n        <\/div>\n        <\/div>\n<!--\/themify_builder_content-->","protected":false},"excerpt":{"rendered":"<p>Find Us From P\u00e9rigueux, take the D939 to Mareuil en P\u00e9rigord, go around the ch\u00e2teau of Mareuil en P\u00e9rigord on the D99, and take the route Raymond Roland towards Sainte-Croix-de-Mareuil. When you reach the town hall and the village hall square, turn right at the crossroads. The Ch\u00e2teau de Sainte Croix de Mareuil is 250 [&hellip;]<\/p>\n","protected":false},"author":1,"featured_media":0,"parent":0,"menu_order":0,"comment_status":"closed","ping_status":"closed","template":"","meta":{"_locale":"en_GB","_original_post":"https:\/\/galerieduchateau.org\/find-us\/","footnotes":""},"class_list":["post-38","page","type-page","status-publish","hentry","en-GB","has-post-title","has-post-date","has-post-category","has-post-tag","has-post-comment","has-post-author",""],"yoast_head":"<!-- This site is optimized with the Yoast SEO plugin v24.5 - https:\/\/yoast.com\/wordpress\/plugins\/seo\/ -->\n<title>Find us - Galerie du Chateau<\/title>\n<meta name=\"robots\" content=\"index, follow, max-snippet:-1, max-image-preview:large, max-video-preview:-1\" \/>\n<link rel=\"canonical\" href=\"https:\/\/galerieduchateau.org\/en\/find-us\/\" \/>\n<meta property=\"og:locale\" content=\"en_GB\" \/>\n<meta property=\"og:type\" content=\"article\" \/>\n<meta property=\"og:title\" content=\"Find us - Galerie du Chateau\" \/>\n<meta property=\"og:description\" content=\"Find Us From P\u00e9rigueux, take the D939 to Mareuil en P\u00e9rigord, go around the ch\u00e2teau of Mareuil en P\u00e9rigord on the D99, and take the route Raymond Roland towards Sainte-Croix-de-Mareuil. When you reach the town hall and the village hall square, turn right at the crossroads. The Ch\u00e2teau de Sainte Croix de Mareuil is 250 [&hellip;]\" \/>\n<meta property=\"og:url\" content=\"https:\/\/galerieduchateau.org\/en\/find-us\/\" \/>\n<meta property=\"og:site_name\" content=\"Galerie du Chateau\" \/>\n<meta property=\"article:modified_time\" content=\"2024-03-31T21:00:45+00:00\" \/>\n<meta property=\"og:image\" content=\"https:\/\/galerieduchateau.org\/wp-content\/uploads\/2024\/03\/Sainte-Croix-de-Mareuil-carte.jpg\" \/>\n<meta name=\"twitter:card\" content=\"summary_large_image\" \/>\n<meta name=\"twitter:label1\" content=\"Estimated reading time\" \/>\n\t<meta name=\"twitter:data1\" content=\"1 minute\" \/>\n<script type=\"application\/ld+json\" class=\"yoast-schema-graph\">{\"@context\":\"https:\/\/schema.org\",\"@graph\":[{\"@type\":\"WebPage\",\"@id\":\"https:\/\/galerieduchateau.org\/en\/find-us\/\",\"url\":\"https:\/\/galerieduchateau.org\/en\/find-us\/\",\"name\":\"Find us - Galerie du Chateau\",\"isPartOf\":{\"@id\":\"https:\/\/galerieduchateau.org\/#website\"},\"primaryImageOfPage\":{\"@id\":\"https:\/\/galerieduchateau.org\/en\/find-us\/#primaryimage\"},\"image\":{\"@id\":\"https:\/\/galerieduchateau.org\/en\/find-us\/#primaryimage\"},\"thumbnailUrl\":\"https:\/\/galerieduchateau.org\/wp-content\/uploads\/2024\/03\/Sainte-Croix-de-Mareuil-carte.jpg\",\"datePublished\":\"2024-03-31T12:51:00+00:00\",\"dateModified\":\"2024-03-31T21:00:45+00:00\",\"breadcrumb\":{\"@id\":\"https:\/\/galerieduchateau.org\/en\/find-us\/#breadcrumb\"},\"inLanguage\":\"en-GB\",\"potentialAction\":[{\"@type\":\"ReadAction\",\"target\":[\"https:\/\/galerieduchateau.org\/en\/find-us\/\"]}]},{\"@type\":\"ImageObject\",\"inLanguage\":\"en-GB\",\"@id\":\"https:\/\/galerieduchateau.org\/en\/find-us\/#primaryimage\",\"url\":\"https:\/\/galerieduchateau.org\/wp-content\/uploads\/2024\/03\/Sainte-Croix-de-Mareuil-carte.jpg\",\"contentUrl\":\"https:\/\/galerieduchateau.org\/wp-content\/uploads\/2024\/03\/Sainte-Croix-de-Mareuil-carte.jpg\",\"width\":1149,\"height\":857},{\"@type\":\"BreadcrumbList\",\"@id\":\"https:\/\/galerieduchateau.org\/en\/find-us\/#breadcrumb\",\"itemListElement\":[{\"@type\":\"ListItem\",\"position\":1,\"name\":\"Home\",\"item\":\"https:\/\/galerieduchateau.org\/en\/\"},{\"@type\":\"ListItem\",\"position\":2,\"name\":\"Find us\"}]},{\"@type\":\"WebSite\",\"@id\":\"https:\/\/galerieduchateau.org\/#website\",\"url\":\"https:\/\/galerieduchateau.org\/\",\"name\":\"Galerie du Chateau\",\"description\":\"\",\"potentialAction\":[{\"@type\":\"SearchAction\",\"target\":{\"@type\":\"EntryPoint\",\"urlTemplate\":\"https:\/\/galerieduchateau.org\/?s={search_term_string}\"},\"query-input\":{\"@type\":\"PropertyValueSpecification\",\"valueRequired\":true,\"valueName\":\"search_term_string\"}}],\"inLanguage\":\"en-GB\"}]}<\/script>\n<!-- \/ Yoast SEO plugin. -->","yoast_head_json":{"title":"Find us - Galerie du Chateau","robots":{"index":"index","follow":"follow","max-snippet":"max-snippet:-1","max-image-preview":"max-image-preview:large","max-video-preview":"max-video-preview:-1"},"canonical":"https:\/\/galerieduchateau.org\/en\/find-us\/","og_locale":"en_GB","og_type":"article","og_title":"Find us - Galerie du Chateau","og_description":"Find Us From P\u00e9rigueux, take the D939 to Mareuil en P\u00e9rigord, go around the ch\u00e2teau of Mareuil en P\u00e9rigord on the D99, and take the route Raymond Roland towards Sainte-Croix-de-Mareuil. When you reach the town hall and the village hall square, turn right at the crossroads. The Ch\u00e2teau de Sainte Croix de Mareuil is 250 [&hellip;]","og_url":"https:\/\/galerieduchateau.org\/en\/find-us\/","og_site_name":"Galerie du Chateau","article_modified_time":"2024-03-31T21:00:45+00:00","og_image":[{"url":"https:\/\/galerieduchateau.org\/wp-content\/uploads\/2024\/03\/Sainte-Croix-de-Mareuil-carte.jpg","type":"","width":"","height":""}],"twitter_card":"summary_large_image","twitter_misc":{"Estimated reading time":"1 minute"},"schema":{"@context":"https:\/\/schema.org","@graph":[{"@type":"WebPage","@id":"https:\/\/galerieduchateau.org\/en\/find-us\/","url":"https:\/\/galerieduchateau.org\/en\/find-us\/","name":"Find us - Galerie du Chateau","isPartOf":{"@id":"https:\/\/galerieduchateau.org\/#website"},"primaryImageOfPage":{"@id":"https:\/\/galerieduchateau.org\/en\/find-us\/#primaryimage"},"image":{"@id":"https:\/\/galerieduchateau.org\/en\/find-us\/#primaryimage"},"thumbnailUrl":"https:\/\/galerieduchateau.org\/wp-content\/uploads\/2024\/03\/Sainte-Croix-de-Mareuil-carte.jpg","datePublished":"2024-03-31T12:51:00+00:00","dateModified":"2024-03-31T21:00:45+00:00","breadcrumb":{"@id":"https:\/\/galerieduchateau.org\/en\/find-us\/#breadcrumb"},"inLanguage":"en-GB","potentialAction":[{"@type":"ReadAction","target":["https:\/\/galerieduchateau.org\/en\/find-us\/"]}]},{"@type":"ImageObject","inLanguage":"en-GB","@id":"https:\/\/galerieduchateau.org\/en\/find-us\/#primaryimage","url":"https:\/\/galerieduchateau.org\/wp-content\/uploads\/2024\/03\/Sainte-Croix-de-Mareuil-carte.jpg","contentUrl":"https:\/\/galerieduchateau.org\/wp-content\/uploads\/2024\/03\/Sainte-Croix-de-Mareuil-carte.jpg","width":1149,"height":857},{"@type":"BreadcrumbList","@id":"https:\/\/galerieduchateau.org\/en\/find-us\/#breadcrumb","itemListElement":[{"@type":"ListItem","position":1,"name":"Home","item":"https:\/\/galerieduchateau.org\/en\/"},{"@type":"ListItem","position":2,"name":"Find us"}]},{"@type":"WebSite","@id":"https:\/\/galerieduchateau.org\/#website","url":"https:\/\/galerieduchateau.org\/","name":"Galerie du Chateau","description":"","potentialAction":[{"@type":"SearchAction","target":{"@type":"EntryPoint","urlTemplate":"https:\/\/galerieduchateau.org\/?s={search_term_string}"},"query-input":{"@type":"PropertyValueSpecification","valueRequired":true,"valueName":"search_term_string"}}],"inLanguage":"en-GB"}]}},"builder_content":"[bogo]\n<h1>Find Us<\/h1> <p>From P\u00e9rigueux, take the D939 to Mareuil en P\u00e9rigord, go around the ch\u00e2teau of Mareuil en P\u00e9rigord on the D99, and take the route Raymond Roland towards Sainte-Croix-de-Mareuil. When you reach the town hall and the village hall square, turn right at the crossroads. The Ch\u00e2teau de Sainte Croix de Mareuil is 250 metres away.<\/p> <p>From Angoul\u00eame, take the D81, D41 and D939. After the La Rochebeaucourt-et-Argentine cemetery, turn left onto the route des Carri\u00e8res, cross Verdinas and head for the village of Sainte-Croix-de-Mareuil. When you reach the village, turn left at the crossroads. The Ch\u00e2teau de Sainte Croix de Mareuil is 250 metres away.\u00a0<\/p> <p>GPS: 45\u00b027'47.9 \"N 0\u00b025'37.3 \"E<\/p> <p><a href=\"http:\/\/whatthreewords.com\/nuanced.cloak.lend\" target=\"_blank\" rel=\"noopener\">\/\/\/nuanced.cloak.lend<\/a><\/p>\n<img src=\"https:\/\/galerieduchateau.org\/wp-content\/uploads\/2024\/03\/Sainte-Croix-de-Mareuil-carte.jpg\" title=\"Sainte Croix de Mareuil carte\" alt=\"Sainte Croix de Mareuil carte\" srcset=\"https:\/\/galerieduchateau.org\/wp-content\/uploads\/2024\/03\/Sainte-Croix-de-Mareuil-carte.jpg 1149w, https:\/\/galerieduchateau.org\/wp-content\/uploads\/2024\/03\/Sainte-Croix-de-Mareuil-carte-300x224.jpg 300w, https:\/\/galerieduchateau.org\/wp-content\/uploads\/2024\/03\/Sainte-Croix-de-Mareuil-carte-1024x764.jpg 1024w, https:\/\/galerieduchateau.org\/wp-content\/uploads\/2024\/03\/Sainte-Croix-de-Mareuil-carte-768x573.jpg 768w\" sizes=\"(max-width: 1149px) 100vw, 1149px\" \/>","_links":{"self":[{"href":"https:\/\/galerieduchateau.org\/wp-json\/wp\/v2\/pages\/38","targetHints":{"allow":["GET"]}}],"collection":[{"href":"https:\/\/galerieduchateau.org\/wp-json\/wp\/v2\/pages"}],"about":[{"href":"https:\/\/galerieduchateau.org\/wp-json\/wp\/v2\/types\/page"}],"author":[{"embeddable":true,"href":"https:\/\/galerieduchateau.org\/wp-json\/wp\/v2\/users\/1"}],"replies":[{"embeddable":true,"href":"https:\/\/galerieduchateau.org\/wp-json\/wp\/v2\/comments?post=38"}],"version-history":[{"count":14,"href":"https:\/\/galerieduchateau.org\/wp-json\/wp\/v2\/pages\/38\/revisions"}],"predecessor-version":[{"id":239,"href":"https:\/\/galerieduchateau.org\/wp-json\/wp\/v2\/pages\/38\/revisions\/239"}],"wp:attachment":[{"href":"https:\/\/galerieduchateau.org\/wp-json\/wp\/v2\/media?parent=38"}],"curies":[{"name":"wp","href":"https:\/\/api.w.org\/{rel}","templated":true}]}}